{"id":4762,"date":"2017-01-16T10:55:17","date_gmt":"2017-01-16T10:55:17","guid":{"rendered":"http:\/\/demo.goodlayers.com\/traveltour\/?page_id=4762"},"modified":"2023-06-20T12:11:23","modified_gmt":"2023-06-20T09:11:23","slug":"tour-classic-3-columns","status":"publish","type":"page","link":"http:\/\/violetturizm.com\/","title":{"rendered":"\u201cSenede bir defa daha \u00f6nce hi\u00e7 g\u00f6rmedi\u011fin bir yere git.\u201d \u2013 Dalai Lama"},"content":{"rendered":"","protected":false},"excerpt":{"rendered":"","protected":false},"author":2,"featured_media":5657,"parent":0,"menu_order":0,"comment_status":"open","ping_status":"closed","template":"","meta":[],"_links":{"self":[{"href":"http:\/\/violetturizm.com\/index.php\/wp-json\/wp\/v2\/pages\/4762"}],"collection":[{"href":"http:\/\/violetturizm.com\/index.php\/wp-json\/wp\/v2\/pages"}],"about":[{"href":"http:\/\/violetturizm.com\/index.php\/wp-json\/wp\/v2\/types\/page"}],"author":[{"embeddable":true,"href":"http:\/\/violetturizm.com\/index.php\/wp-json\/wp\/v2\/users\/2"}],"replies":[{"embeddable":true,"href":"http:\/\/violetturizm.com\/index.php\/wp-json\/wp\/v2\/comments?post=4762"}],"version-history":[{"count":6,"href":"http:\/\/violetturizm.com\/index.php\/wp-json\/wp\/v2\/pages\/4762\/revisions"}],"predecessor-version":[{"id":5891,"href":"http:\/\/violetturizm.com\/index.php\/wp-json\/wp\/v2\/pages\/4762\/revisions\/5891"}],"wp:featuredmedia":[{"embeddable":true,"href":"http:\/\/violetturizm.com\/index.php\/wp-json\/wp\/v2\/media\/5657"}],"wp:attachment":[{"href":"http:\/\/violetturizm.com\/index.php\/wp-json\/wp\/v2\/media?parent=4762"}],"curies":[{"name":"wp","href":"https:\/\/api.w.org\/{rel}","templated":true}]}}